{"id":42,"date":"2014-02-19T18:11:50","date_gmt":"2014-02-19T18:11:50","guid":{"rendered":"http:\/\/localhost\/wordpress\/?page_id=42"},"modified":"2026-01-19T15:07:13","modified_gmt":"2026-01-19T14:07:13","slug":"area-de-benestar","status":"publish","type":"page","link":"https:\/\/inclusioaltemporda.cat\/portal\/area-de-benestar\/","title":{"rendered":"\u00c0rea de Benestar"},"content":{"rendered":"<div class=\"wpb-content-wrapper\"><p>[vc_row][vc_column width=&#8221;1\/2&#8243;][vc_column_text]<\/p>\n<h3 style=\"color: #333!important;\">Qui som<\/h3>\n<p><img loading=\"lazy\" decoding=\"async\" class=\"alignleft size-full wp-image-3246\" style=\"border: 2px solid white;\" src=\"https:\/\/inclusioaltemporda.cat\/portal\/wp-content\/uploads\/image_benestar.jpg\" alt=\"imatge benestar\" width=\"111\" height=\"149\" \/><\/p>\n<p>L&#8217;\u00c0rea de Benestar del Consell Comarcal de l&#8217;Alt Empord\u00e0 t\u00e9 com a missi\u00f3 garantir les necessitats b\u00e0siques de la poblaci\u00f3 de la comarca i afavorir el seu benestar i inclusi\u00f3 social.<\/p>\n<p>Treballem des de la responsabilitat p\u00fablica i la vocaci\u00f3 de servei per atendre les persones, garantir el seu dret universal a accedir als serveis socials, als serveis especialitzats i als recursos que hi estan associats.<\/p>\n<p>Els i les professionals de l&#8217;\u00e0rea de Benestar garantim en tot moment la confidencialitat de les dades de les persones que atenem i acompanyem des dels nostres serveis.<\/p>\n<p>Tota la ciutadania t\u00e9 garantit el dret d&#8217;acc\u00e9s als serveis socials i als serveis especialitzats i el seu \u00fas efectiu en condicions d&#8217;igualtat, equitat i just\u00edcia redistributiva. Totes les persones i tots els col\u00b7lectius s\u00f3n atesos, sense distinci\u00f3 ni discriminaci\u00f3 per ra\u00f3 de g\u00e8nere, edat, \u00e8tnia, religi\u00f3, llengua, orientaci\u00f3 sexual o diversitat funcional.<\/p>\n<p>Els serveis socials b\u00e0sics i els serveis especialitzats de l&#8217;\u00e0rea de Benestar tenen especialment en compte en la seva actuaci\u00f3 les persones i col\u00b7lectius m\u00e9s vulnerables i amb menys recursos de la comarca, per garantir que els recursos arribin a qui m\u00e9s ho necessita. Promovem mesures d&#8217;acci\u00f3 positiva i fomentem la igualtat d&#8217;oportunitats i de tracte per garantir la igualtat de drets i d&#8217;acc\u00e9s als recursos comarcals.<\/p>\n<p>Treballem i acompanyem les persones per prevenir les causes i factors que promouen la vulnerabilitat i el risc d&#8217;exclusi\u00f3 social.<\/p>\n<p>Fem acci\u00f3 comunit\u00e0ria per empoderar les persones, treballem en xarxa amb els agents p\u00fablics i privats del territori i promovem la participaci\u00f3 i la co-governan\u00e7a dels nostres projectes d\u2019inclusi\u00f3 social per refor\u00e7ar el capital social de la comarca.[\/vc_column_text][\/vc_column][vc_column width=&#8221;1\/2&#8243;][vc_column_text]<\/p>\n<h3>D\u00edptics informatius<\/h3>\n<p>[\/vc_column_text]<style type=\"text\/css\">#dt-btn-1 {color: #515151;border-color: #515151;}#dt-btn-1 > .text-wrap * {color: #515151;}#dt-btn-1:hover {color: #ffffff;}#dt-btn-1:hover > .text-wrap * {color: #ffffff;}<\/style><a href=\"https:\/\/inclusioaltemporda.cat\/portal\/wp-content\/uploads\/Fulleto_basic_AE_plecs.pdf\" class=\"btn-shortcode dt-btn-s dt-btn outline-bg-btn custom-btn-color custom-btn-hover-color accent-btn-bg-hover-color\" id=\"dt-btn-1\"><span>\u00c0rea de Benestar. Els teus serveis socials, sempre a prop teu<\/span><\/a><style type=\"text\/css\">#dt-btn-2 {color: #515151;border-color: #515151;}#dt-btn-2 > .text-wrap * {color: #515151;}#dt-btn-2:hover {color: #ffffff;}#dt-btn-2:hover > .text-wrap * {color: #ffffff;}<\/style><a href=\"https:\/\/inclusioaltemporda.cat\/portal\/wp-content\/uploads\/Fulleto_institucional_AE_plecs.pdf\" class=\"btn-shortcode dt-btn-s dt-btn outline-bg-btn custom-btn-color custom-btn-hover-color accent-btn-bg-hover-color\" id=\"dt-btn-2\"><span>\u00c0rea de Benestar. Al servei de les persones i dels muncipis<\/span><\/a>[vc_empty_space height=&#8221;50px&#8221;][vc_column_text]<\/p>\n<h3>Mem\u00f2ries<\/h3>\n<p>[\/vc_column_text]<style type=\"text\/css\">#dt-btn-3 {color: #515151;border-color: #515151;}#dt-btn-3 > .text-wrap * {color: #515151;}#dt-btn-3:hover {color: #ffffff;}#dt-btn-3:hover > .text-wrap * {color: #ffffff;}<\/style><a href=\"https:\/\/inclusioaltemporda.cat\/portal\/wp-content\/uploads\/Memoria-2024_area-Benestar.pdf\" class=\"btn-shortcode dt-btn-s dt-btn outline-bg-btn custom-btn-color custom-btn-hover-color accent-btn-bg-hover-color\" id=\"dt-btn-3\"><span>Mem\u00f2ria 2024<\/span><\/a><style type=\"text\/css\">#dt-btn-4 {color: #515151;border-color: #515151;}#dt-btn-4 > .text-wrap * {color: #515151;}#dt-btn-4:hover {color: #ffffff;}#dt-btn-4:hover > .text-wrap * {color: #ffffff;}<\/style><a href=\"https:\/\/inclusioaltemporda.cat\/portal\/wp-content\/uploads\/Memoria-2023_area-Benestar.pdf\" class=\"btn-shortcode dt-btn-s dt-btn outline-bg-btn custom-btn-color custom-btn-hover-color accent-btn-bg-hover-color\" id=\"dt-btn-4\"><span>Mem\u00f2ria 2023<\/span><\/a><style type=\"text\/css\">#dt-btn-5 {color: #515151;border-color: #515151;}#dt-btn-5 > .text-wrap * {color: #515151;}#dt-btn-5:hover {color: #ffffff;}#dt-btn-5:hover > .text-wrap * {color: #ffffff;}<\/style><a href=\"https:\/\/inclusioaltemporda.cat\/portal\/wp-content\/uploads\/Memoria-2022_area-Benestar.pdf\" class=\"btn-shortcode dt-btn-s dt-btn outline-bg-btn custom-btn-color custom-btn-hover-color accent-btn-bg-hover-color\" id=\"dt-btn-5\"><span>Mem\u00f2ria 2022<\/span><\/a><style type=\"text\/css\">#dt-btn-6 {color: #515151;border-color: #515151;}#dt-btn-6 > .text-wrap * {color: #515151;}#dt-btn-6:hover {color: #ffffff;}#dt-btn-6:hover > .text-wrap * {color: #ffffff;}<\/style><a href=\"https:\/\/inclusioaltemporda.cat\/portal\/wp-content\/uploads\/Memoria-2021_Benestar-social.pdf\" class=\"btn-shortcode dt-btn-s dt-btn outline-bg-btn custom-btn-color custom-btn-hover-color accent-btn-bg-hover-color\" id=\"dt-btn-6\"><span>Mem\u00f2ria 2021<\/span><\/a><style type=\"text\/css\">#dt-btn-7 {color: #515151;border-color: #515151;}#dt-btn-7 > .text-wrap * {color: #515151;}#dt-btn-7:hover {color: #ffffff;}#dt-btn-7:hover > .text-wrap * {color: #ffffff;}<\/style><a href=\"https:\/\/inclusioaltemporda.cat\/portal\/wp-content\/uploads\/Mem\u00f2ria-2020_Benestar-social.pdf\" class=\"btn-shortcode dt-btn-s dt-btn outline-bg-btn custom-btn-color custom-btn-hover-color accent-btn-bg-hover-color\" id=\"dt-btn-7\"><span>Mem\u00f2ria 2020<\/span><\/a><style type=\"text\/css\">#dt-btn-8 {color: #515151;border-color: #515151;}#dt-btn-8 > .text-wrap * {color: #515151;}#dt-btn-8:hover {color: #ffffff;}#dt-btn-8:hover > .text-wrap * {color: #ffffff;}<\/style><a href=\"https:\/\/inclusioaltemporda.cat\/portal\/wp-content\/uploads\/Mem\u00f2ria-2019_Benestar-social.pdf\" class=\"btn-shortcode dt-btn-s dt-btn outline-bg-btn custom-btn-color custom-btn-hover-color accent-btn-bg-hover-color\" id=\"dt-btn-8\"><span>Mem\u00f2ria 2019<\/span><\/a><style type=\"text\/css\">#dt-btn-9 {color: #515151;border-color: #ffffff;}#dt-btn-9 > .text-wrap * {color: #515151;}#dt-btn-9:hover {color: #ffffff;}#dt-btn-9:hover > .text-wrap * {color: #ffffff;}<\/style><a href=\"https:\/\/inclusioaltemporda.cat\/portal\/wp-content\/uploads\/Mem\u00f2ria-18_Benestar-social.pdf\" class=\"btn-shortcode dt-btn-s dt-btn outline-bg-btn custom-btn-color custom-btn-hover-color accent-btn-bg-hover-color\" id=\"dt-btn-9\"><span>Mem\u00f2ria 2018<\/span><\/a><style type=\"text\/css\">#dt-btn-10 {color: #515151;border-color: #515151;}#dt-btn-10 > .text-wrap * {color: #515151;}#dt-btn-10:hover {color: #ffffff;}#dt-btn-10:hover > .text-wrap * {color: #ffffff;}<\/style><a href=\"https:\/\/inclusioaltemporda.cat\/portal\/wp-content\/uploads\/Mem\u00f2ria-2017.pdf\" class=\"btn-shortcode dt-btn-s dt-btn outline-bg-btn custom-btn-color custom-btn-hover-color accent-btn-bg-hover-color\" id=\"dt-btn-10\"><span>Mem\u00f2ria 2017<\/span><\/a><style type=\"text\/css\">#dt-btn-11 {color: #515151;border-color: #515151;}#dt-btn-11 > .text-wrap * {color: #515151;}#dt-btn-11:hover {color: #ffffff;}#dt-btn-11:hover > .text-wrap * {color: #ffffff;}<\/style><a href=\"https:\/\/inclusioaltemporda.cat\/portal\/wp-content\/uploads\/Mem\u00f2ria-2016_Benestar-social.pdf\" class=\"btn-shortcode dt-btn-s dt-btn outline-bg-btn custom-btn-color custom-btn-hover-color accent-btn-bg-hover-color\" id=\"dt-btn-11\"><span>Mem\u00f2ria 2016<\/span><\/a><style type=\"text\/css\">#dt-btn-12 {color: #515151;border-color: #515151;}#dt-btn-12 > .text-wrap * {color: #515151;}#dt-btn-12:hover {color: #ffffff;}#dt-btn-12:hover > .text-wrap * {color: #ffffff;}<\/style><a href=\"http:\/\/www.altemporda.org\/portal\/attachments\/article\/2351\/MEM%C3%92RIA%20BENESTAR%20CCAE%202015.pdf\" class=\"btn-shortcode dt-btn-s dt-btn outline-bg-btn custom-btn-color custom-btn-hover-color accent-btn-bg-hover-color\" id=\"dt-btn-12\"><span>Mem\u00f2ria 2015<\/span><\/a><style type=\"text\/css\">#dt-btn-13 {color: #515151;border-color: #515151;}#dt-btn-13 > .text-wrap * {color: #515151;}#dt-btn-13:hover {color: #ffffff;}#dt-btn-13:hover > .text-wrap * {color: #ffffff;}<\/style><a href=\"http:\/\/www.altemporda.org\/portal\/attachments\/article\/1935\/MEMORIA%20BENESTAR%20SOCIAL%202014.pdf\" class=\"btn-shortcode dt-btn-s dt-btn outline-bg-btn custom-btn-color custom-btn-hover-color accent-btn-bg-hover-color\" id=\"dt-btn-13\"><span>Mem\u00f2ria 2014<\/span><\/a><style type=\"text\/css\">#dt-btn-14 {color: #515151;border-color: #515151;}#dt-btn-14 > .text-wrap * {color: #515151;}#dt-btn-14:hover {color: #ffffff;}#dt-btn-14:hover > .text-wrap * {color: #ffffff;}<\/style><a href=\"http:\/\/www.altemporda.org\/portal\/attachments\/article\/1481\/BENESTAR%20SOCIAL%20MEMORIA.pdf\" class=\"btn-shortcode dt-btn-s dt-btn outline-bg-btn custom-btn-color custom-btn-hover-color accent-btn-bg-hover-color\" id=\"dt-btn-14\"><span>Mem\u00f2ria 2013<\/span><\/a><style type=\"text\/css\">#dt-btn-15 {color: #515151;border-color: #515151;}#dt-btn-15 > .text-wrap * {color: #515151;}#dt-btn-15:hover {color: #ffffff;}#dt-btn-15:hover > .text-wrap * {color: #ffffff;}<\/style><a href=\"http:\/\/www.altemporda.org\/portal\/attachments\/article\/1084\/MEM%C3%92RIA%20SERVEIS%20SOCIALS.pdf\" class=\"btn-shortcode dt-btn-s dt-btn outline-bg-btn custom-btn-color custom-btn-hover-color accent-btn-bg-hover-color\" id=\"dt-btn-15\"><span>Mem\u00f2ria 2012<\/span><\/a>[vc_empty_space height=&#8221;50px&#8221;][vc_column_text]<\/p>\n<h3>Infografies<\/h3>\n<p>[\/vc_column_text]<style type=\"text\/css\">#dt-btn-16 {color: #515151;border-color: #515151;}#dt-btn-16 > .text-wrap * {color: #515151;}#dt-btn-16:hover {color: #ffffff;}#dt-btn-16:hover > .text-wrap * {color: #ffffff;}<\/style><a href=\"https:\/\/inclusioaltemporda.cat\/portal\/wp-content\/uploads\/Infografia-Area-Benestar-2024.pdf\" class=\"btn-shortcode dt-btn-s dt-btn outline-bg-btn custom-btn-color custom-btn-hover-color accent-btn-bg-hover-color\" id=\"dt-btn-16\"><span>Infografies Mem\u00f2ria 2024<\/span><\/a><style type=\"text\/css\">#dt-btn-17 {color: #515151;border-color: #515151;}#dt-btn-17 > .text-wrap * {color: #515151;}#dt-btn-17:hover {color: #ffffff;}#dt-btn-17:hover > .text-wrap * {color: #ffffff;}<\/style><a href=\"https:\/\/inclusioaltemporda.cat\/portal\/wp-content\/uploads\/INFOGRAFIES-AREA-BENESTAR-2023.pdf\" class=\"btn-shortcode dt-btn-s dt-btn outline-bg-btn custom-btn-color custom-btn-hover-color accent-btn-bg-hover-color\" id=\"dt-btn-17\"><span>Infografies Mem\u00f2ria 2023<\/span><\/a><style type=\"text\/css\">#dt-btn-18 {color: #515151;border-color: #515151;}#dt-btn-18 > .text-wrap * {color: #515151;}#dt-btn-18:hover {color: #ffffff;}#dt-btn-18:hover > .text-wrap * {color: #ffffff;}<\/style><a href=\"https:\/\/inclusioaltemporda.cat\/portal\/wp-content\/uploads\/INFOGRAFIES-2022.pdf\" class=\"btn-shortcode dt-btn-s dt-btn outline-bg-btn custom-btn-color custom-btn-hover-color accent-btn-bg-hover-color\" id=\"dt-btn-18\"><span>Infografies Mem\u00f2ria 2022<\/span><\/a><style type=\"text\/css\">#dt-btn-19 {color: #515151;border-color: #515151;}#dt-btn-19 > .text-wrap * {color: #515151;}#dt-btn-19:hover {color: #ffffff;}#dt-btn-19:hover > .text-wrap * {color: #ffffff;}<\/style><a href=\"https:\/\/inclusioaltemporda.cat\/portal\/wp-content\/uploads\/MEMORIA-AREA-BENESTAR-DEF.pdf\" class=\"btn-shortcode dt-btn-s dt-btn outline-bg-btn custom-btn-color custom-btn-hover-color accent-btn-bg-hover-color\" id=\"dt-btn-19\"><span>Infografies Mem\u00f2ria 2021<\/span><\/a><style type=\"text\/css\">#dt-btn-20 {color: #515151;border-color: #515151;}#dt-btn-20 > .text-wrap * {color: #515151;}#dt-btn-20:hover {color: #ffffff;}#dt-btn-20:hover > .text-wrap * {color: #ffffff;}<\/style><a href=\"https:\/\/inclusioaltemporda.cat\/portal\/wp-content\/uploads\/INFOGRAFIES-MEM%C3%92RIA-%C3%80REA-BENESTAR-2020.pdf\" class=\"btn-shortcode dt-btn-s dt-btn outline-bg-btn custom-btn-color custom-btn-hover-color accent-btn-bg-hover-color\" id=\"dt-btn-20\"><span>Infografies Mem\u00f2ria 2020<\/span><\/a><style type=\"text\/css\">#dt-btn-21 {color: #515151;border-color: #515151;}#dt-btn-21 > .text-wrap * {color: #515151;}#dt-btn-21:hover {color: #ffffff;}#dt-btn-21:hover > .text-wrap * {color: #ffffff;}<\/style><a href=\"https:\/\/inclusioaltemporda.cat\/portal\/infografies-memoria-de-larea-de-benestar-2018\/\" class=\"btn-shortcode dt-btn-s dt-btn outline-bg-btn custom-btn-color custom-btn-hover-color accent-btn-bg-hover-color\" id=\"dt-btn-21\"><span>Infografies Mem\u00f2ria 2018<\/span><\/a>[vc_empty_space height=&#8221;50px&#8221;][vc_column_text]<\/p>\n<h3>Comit\u00e8 d&#8217;\u00e8tica aplicada de l&#8217;\u00e0rea de Benestar<\/h3>\n<p>[\/vc_column_text]<style type=\"text\/css\">#dt-btn-22 {color: #515151;border-color: #515151;}#dt-btn-22 > .text-wrap * {color: #515151;}#dt-btn-22:hover {color: #ffffff;}#dt-btn-22:hover > .text-wrap * {color: #ffffff;}<\/style><a href=\"https:\/\/inclusioaltemporda.cat\/portal\/comite-etica\/\" class=\"btn-shortcode dt-btn-s dt-btn outline-bg-btn custom-btn-color custom-btn-hover-color accent-btn-bg-hover-color\" target=\"_blank\" id=\"dt-btn-22\" rel=\"noopener\"><span>Comit\u00e8 d&#8217;\u00e8tica<\/span><\/a>[\/vc_column][\/vc_row]<\/p>\n<\/div>","protected":false},"excerpt":{"rendered":"<p>[vc_row][vc_column width=&#8221;1\/2&#8243;][vc_column_text] Qui som L&#8217;\u00c0rea de Benestar del Consell Comarcal de l&#8217;Alt Empord\u00e0 t\u00e9 com a missi\u00f3 garantir les necessitats b\u00e0siques de la poblaci\u00f3 de la comarca i afavorir el&hellip;<\/p>\n","protected":false},"author":2,"featured_media":0,"parent":0,"menu_order":0,"comment_status":"closed","ping_status":"closed","template":"","meta":{"footnotes":""},"class_list":["post-42","page","type-page","status-publish","hentry","description-off"],"_links":{"self":[{"href":"https:\/\/inclusioaltemporda.cat\/portal\/wp-json\/wp\/v2\/pages\/42","targetHints":{"allow":["GET"]}}],"collection":[{"href":"https:\/\/inclusioaltemporda.cat\/portal\/wp-json\/wp\/v2\/pages"}],"about":[{"href":"https:\/\/inclusioaltemporda.cat\/portal\/wp-json\/wp\/v2\/types\/page"}],"author":[{"embeddable":true,"href":"https:\/\/inclusioaltemporda.cat\/portal\/wp-json\/wp\/v2\/users\/2"}],"replies":[{"embeddable":true,"href":"https:\/\/inclusioaltemporda.cat\/portal\/wp-json\/wp\/v2\/comments?post=42"}],"version-history":[{"count":47,"href":"https:\/\/inclusioaltemporda.cat\/portal\/wp-json\/wp\/v2\/pages\/42\/revisions"}],"predecessor-version":[{"id":8834,"href":"https:\/\/inclusioaltemporda.cat\/portal\/wp-json\/wp\/v2\/pages\/42\/revisions\/8834"}],"wp:attachment":[{"href":"https:\/\/inclusioaltemporda.cat\/portal\/wp-json\/wp\/v2\/media?parent=42"}],"curies":[{"name":"wp","href":"https:\/\/api.w.org\/{rel}","templated":true}]}}