{"id":46,"date":"2014-02-19T18:12:33","date_gmt":"2014-02-19T18:12:33","guid":{"rendered":"http:\/\/localhost\/wordpress\/?page_id=46"},"modified":"2018-08-29T08:17:39","modified_gmt":"2018-08-29T07:17:39","slug":"pla-inclusio-2013-2016","status":"publish","type":"page","link":"https:\/\/inclusioaltemporda.cat\/portal\/pla-inclusio-2013-2016\/","title":{"rendered":"Pla Inclusi\u00f3 Alt Empord\u00e0"},"content":{"rendered":"<div class=\"wpb-content-wrapper\"><p>[vc_row][vc_column width=&#8221;1\/2&#8243;][vc_column_text]<\/p>\n<h3 style=\"color: #333!important;\">Pla per a la Inclusi\u00f3 i la Cohesi\u00f3 Social de l&#8217;Alt Empord\u00e0<\/h3>\n<p><img loading=\"lazy\" decoding=\"async\" class=\"alignleft size-full wp-image-3549\" style=\"border: 2px solid white;\" src=\"https:\/\/inclusioaltemporda.cat\/portal\/wp-content\/uploads\/image_pla.jpg\" alt=\"image_pla\" width=\"111\" height=\"149\" \/><\/p>\n<p>&nbsp;<\/p>\n<p><span style=\"color: #000000;\">El Pla\u00a0 per a la Inclusi\u00f3 i la Cohesi\u00f3 Social de l&#8217;Alt Empord\u00e0\u00a0 \u00e9s un document estrat\u00e8gic que estableix els eixos prioritaris de treball i les accions que es porten a terme a la comarca, per millorar les oportunitats i condicions de vida de les persones, reduir les desigualtats socials i refor\u00e7ar la cohesi\u00f3 social.<\/span><\/p>\n<p>&nbsp;<\/p>\n<p>El Pla per a la Inclusi\u00f3 es va posar en marxa l&#8217;any 2013. El seu objectiu principal \u00e9s articular l&#8217;estrat\u00e8gia per a la inclusi\u00f3 social de la comarca, dissenyant i desplegant accions coprodu\u00efdes amb els agents p\u00fablics, el tercer sector i privats, en base a les necessitats detectades a la diagnosi socioecon\u00f2mica de la comarca i els recursos existents.<\/p>\n<p>El Pla incorpora la perspectiva de g\u00e8nere\u00a0i promou accions de car\u00e0cter preventiu i estrat\u00e8gic per a la inclusi\u00f3 social en totes les etapes vitals per poder garantir la igualtat d&#8217;oportunitats, la gesti\u00f3 de la diversitat i la no discriminaci\u00f3 de les persones per ra\u00f3 de la seva edat, origen, sexe, orientaci\u00f3 sexual, religi\u00f3 o diversitat funcional.<\/p>\n<p>En aquests moments s&#8217;est\u00e0 desplegant el Pla d&#8217;Actuaci\u00f3 2017-2020 elaborat per l&#8217;equip d&#8217;Inclusi\u00f3 i Atenci\u00f3 a la Comunitat conjuntament amb els ajuntaments de La Jonquera, l&#8217;Escala, Roses, Castell\u00f3 d&#8217;Emp\u00faries i Vilafant.<\/p>\n<p>Si voleu con\u00e8ixer en detall el <a href=\"https:\/\/inclusioaltemporda.cat\/portal\/wp-content\/uploads\/DIAGN\u00d2STIC-SOCIAL-ALT-EMPORD\u00c0-2017.pdf\">diagn\u00f2stic socioecon\u00f2mic de l&#8217;Alt Empord\u00e0 2017 ho podeu fer en aquest enlla\u00e7<\/a>.<\/p>\n<p>Si voleu con\u00e8ixer el <a href=\"https:\/\/inclusioaltemporda.cat\/portal\/wp-content\/uploads\/PLA-INCLUSI\u00d3_Vdef.pdf\">marc d&#8217;intervenci\u00f3 i les l\u00ednies d&#8217;acci\u00f3 priorit\u00e0ries\u00a0del Pla d&#8217;Actuaci\u00f3 2017-2020 ho podeu fer en aquest enlla\u00e7<\/a>.<\/p>\n<p lang=\"ca-ES\" align=\"JUSTIFY\">El Pla d&#8217;Inclusi\u00f3 i Cohesi\u00f3 Social de l&#8217;Alt Empord\u00e0 \u00e9s una iniciativa promoguda en el marc del Programa per al desenvolupament de Plans Locals per a la Inclusi\u00f3 Social del Departament de Treball, Afers Socials i Fam\u00edlies de la Generalitat de Catalunya.<\/p>\n<p>[\/vc_column_text][\/vc_column][vc_column width=&#8221;1\/2&#8243;][vc_column_text]<\/p>\n<h3>Objectius estrat\u00e8gics<\/h3>\n<div class=\"st-toggle\"><a class=\"text-primary\" href=\"#\">Inf\u00e0ncia<\/a><div class=\"st-toggle-content\"><span style=\"color: #000000;\"><strong>1.<\/strong>\u00a0<\/span>\u00a0Combatre la pobresa infantil activant els recursos i el treball\u00a0 coordinat entre agents<\/p>\n<p><span style=\"color: #000000;\"><strong>2.<\/strong>\u00a0<\/span>Promoure treball preventiu amb fam\u00edlies per\u00a0 fomentar major autonomia i apoderament en l&#8217;educaci\u00f3<\/p>\n<p><span style=\"color: #000000;\"><strong>3.<\/strong><\/span> Facilitar formaci\u00f3 integral en el temps de lleure i fomentar l&#8217;educaci\u00f3 en valors<\/p>\n<p><span style=\"color: #000000;\"><strong>4.<\/strong><\/span> Potenciar el treball afectiu en els centres educatius per prevenir situacions futures de risc i viol\u00e8ncia<\/p>\n<p><\/div><\/div>\n<div class=\"st-toggle\"><a class=\"text-primary\" href=\"#\">Adolesc\u00e8ncia i Joventut<\/a><div class=\"st-toggle-content\"><span style=\"color: #000000;\"><strong>5.<\/strong> <\/span>Millorar l&#8217;acc\u00e9s a la formaci\u00f3 i les oportunitats laborals a la comarca<\/p>\n<p><span style=\"color: #000000;\"><strong>6.<\/strong><\/span> Refor\u00e7ar els recursos de car\u00e0cter preventiu en l&#8217;\u00e0mbit de la salut<\/p>\n<p><span style=\"color: #000000;\"><strong>7.<\/strong><\/span> Refor\u00e7ar un model de temps de lleure participatiu i en valors socials<\/p>\n<p><span style=\"color: #000000;\"><strong>8.<\/strong> <\/span>Promoure la participaci\u00f3 dels adolescents i joves en els afers p\u00fablics<\/p>\n<p><span style=\"color: #000000;\"><strong>9.<\/strong><\/span> Promoure major ocupabilitat i capacitat\u00a0 emprenedoria\u00a0 dels joves incentivant el cooperativisme i l&#8217;autoocupaci\u00f3<\/p>\n<p><span style=\"color: #000000;\"><strong>10.<\/strong> <\/span>Facilitar les traject\u00f2ries vitals d&#8217;emancipaci\u00f3 dels joves de la comarca<\/p>\n<p><\/div><\/div>\n<div class=\"st-toggle\"><a class=\"text-primary\" href=\"#\">Adultesa<\/a><div class=\"st-toggle-content\"><span style=\"color: #000000;\"><strong>11.<\/strong> <\/span>Combatre els principals factors de risc d&#8217;exclusi\u00f3 social a la comarca<\/p>\n<p><span style=\"color: #000000;\"><strong>12.<\/strong><\/span> Fomentar l&#8217;autonomia i l&#8217;apoderament de la poblaci\u00f3 d&#8217;origen estranger en situaci\u00f3 de risc d&#8217;exclusi\u00f3<\/p>\n<p><span style=\"color: #000000;\"><strong>13.<\/strong><\/span> Prevenir situacions de risc i vulnerabilitat relacionada amb la salut, la viol\u00e8ncia f\u00edsica, ps\u00edquica o sexual<\/p>\n<p><\/div><\/div>\n<div class=\"st-toggle\"><a class=\"text-primary\" href=\"#\">Vellesa<\/a><div class=\"st-toggle-content\"><span style=\"color: #000000;\"><strong>14.<\/strong><\/span> Promoure l&#8217;envelliment actiu de la poblaci\u00f3 de la comarca mitjan\u00e7ant projectes comunitaris<\/p>\n<p><span style=\"color: #000000;\"><strong>15.<\/strong> <\/span>Refor\u00e7ar la xarxa de transport p\u00fablic per garantir l&#8217;acc\u00e9s als recursos especialitzats<\/p>\n<p><span style=\"color: #000000;\"><strong>16.<\/strong><\/span> Planificar els recursos sociosanitaris per a la gent gran per garantir-ne una gesti\u00f3 m\u00e9s eficient<\/p>\n<p><\/div><\/div>\n<div class=\"st-toggle\"><a class=\"text-primary\" href=\"#\">Territori<\/a><div class=\"st-toggle-content\"><span style=\"color: #000000;\"><strong>17.<\/strong><\/span>\u00a0Millorar la xarxa de transport p\u00fablic per garantir l&#8217;acc\u00e9s als recursos inclusius<\/p>\n<p><span style=\"color: #000000;\"><strong>18.<\/strong><\/span> Planificar l&#8217;acc\u00e9s, distribuci\u00f3 i gesti\u00f3 recursos i serveis inclusius<\/p>\n<p><\/div><\/div>[\/vc_column_text][vc_column_text]<\/p>\n<h3><\/h3>\n<p>[\/vc_column_text][\/vc_column][\/vc_row][vc_row margin_top=&#8221;30&#8243; margin_bottom=&#8221;0&#8243;][vc_column][vc_column_text]<\/p>\n<h3><b>Seguiment i avaluaci\u00f3 del Pla<\/b><\/h3>\n<p>El seguiment i l&#8217;avaluaci\u00f3 del Pla per a\u00a0 la Inclusi\u00f3 i Cohesi\u00f3 Social de l&#8217;Alt Empord\u00e0 es porta a terme en dos espais de treball permanents que es reuneixen peri\u00f2dicament i\u00a0 que acompanyen la implementaci\u00f3 del nostre Pla.<\/p>\n<p>1) La Comissi\u00f3 de Seguiment del Pla, integrada per professionals t\u00e8cnics del Consell Comarcal i dels ajuntaments participants.<\/p>\n<p>2) La Taula per a la Inclusi\u00f3 i la Cohesi\u00f3 Social de l&#8217;Alt Empord\u00e0 en qu\u00e8 participen prop de 20 entitats socials de la comarca.<\/p>\n<p>Aquests dos \u00f2rgans s\u00f3n assistits per l&#8217;equip d&#8217;Inclusi\u00f3 i Atenci\u00f3 a la Comunitat de l&#8217;\u00e0rea de Benestar que exerceix les funcions de secretaria executiva.[\/vc_column_text][\/vc_column][\/vc_row]<\/p>\n<\/div>","protected":false},"excerpt":{"rendered":"<p>[vc_row][vc_column width=&#8221;1\/2&#8243;][vc_column_text] Pla per a la Inclusi\u00f3 i la Cohesi\u00f3 Social de l&#8217;Alt Empord\u00e0 &nbsp; El Pla\u00a0 per a la Inclusi\u00f3 i la Cohesi\u00f3 Social de l&#8217;Alt Empord\u00e0\u00a0 \u00e9s un&hellip;<\/p>\n","protected":false},"author":2,"featured_media":0,"parent":0,"menu_order":0,"comment_status":"closed","ping_status":"closed","template":"","meta":{"footnotes":""},"class_list":["post-46","page","type-page","status-publish","hentry","description-off"],"_links":{"self":[{"href":"https:\/\/inclusioaltemporda.cat\/portal\/wp-json\/wp\/v2\/pages\/46","targetHints":{"allow":["GET"]}}],"collection":[{"href":"https:\/\/inclusioaltemporda.cat\/portal\/wp-json\/wp\/v2\/pages"}],"about":[{"href":"https:\/\/inclusioaltemporda.cat\/portal\/wp-json\/wp\/v2\/types\/page"}],"author":[{"embeddable":true,"href":"https:\/\/inclusioaltemporda.cat\/portal\/wp-json\/wp\/v2\/users\/2"}],"replies":[{"embeddable":true,"href":"https:\/\/inclusioaltemporda.cat\/portal\/wp-json\/wp\/v2\/comments?post=46"}],"version-history":[{"count":32,"href":"https:\/\/inclusioaltemporda.cat\/portal\/wp-json\/wp\/v2\/pages\/46\/revisions"}],"predecessor-version":[{"id":6806,"href":"https:\/\/inclusioaltemporda.cat\/portal\/wp-json\/wp\/v2\/pages\/46\/revisions\/6806"}],"wp:attachment":[{"href":"https:\/\/inclusioaltemporda.cat\/portal\/wp-json\/wp\/v2\/media?parent=46"}],"curies":[{"name":"wp","href":"https:\/\/api.w.org\/{rel}","templated":true}]}}