{"id":8687,"date":"2024-04-17T09:53:05","date_gmt":"2024-04-17T07:53:05","guid":{"rendered":"https:\/\/inclusioaltemporda.cat\/portal\/?page_id=8687"},"modified":"2024-08-02T12:27:03","modified_gmt":"2024-08-02T10:27:03","slug":"projecte-transfronterer-coparticipa","status":"publish","type":"page","link":"https:\/\/inclusioaltemporda.cat\/portal\/cooperacio-transfronterera-3\/projecte-transfronterer-coparticipa\/","title":{"rendered":"Projecte transfronterer coParticiPa"},"content":{"rendered":"<p><strong><img loading=\"lazy\" decoding=\"async\" class=\"aligncenter wp-image-8693 size-large\" src=\"https:\/\/inclusioaltemporda.cat\/portal\/wp-content\/uploads\/LOGOS-PARTICIPA-1024x145.png\" alt=\"\" width=\"1024\" height=\"145\" srcset=\"https:\/\/inclusioaltemporda.cat\/portal\/wp-content\/uploads\/LOGOS-PARTICIPA-1024x145.png 1024w, https:\/\/inclusioaltemporda.cat\/portal\/wp-content\/uploads\/LOGOS-PARTICIPA-300x42.png 300w, https:\/\/inclusioaltemporda.cat\/portal\/wp-content\/uploads\/LOGOS-PARTICIPA-768x109.png 768w, https:\/\/inclusioaltemporda.cat\/portal\/wp-content\/uploads\/LOGOS-PARTICIPA.png 1506w\" sizes=\"auto, (max-width: 1024px) 100vw, 1024px\" \/>L&#8217;\u00e0rea de Benestar del Consell Comarcal de l&#8217;Alt Empord\u00e0 forma part del partenariat del projecte transfronterer <\/strong>coParticiPA (EFA55\/1)<strong> sobre la participaci\u00f3 de les persones en la xarxa de serveis socials i entitats d\u2019intervenci\u00f3 socioeducativa i comunit\u00e0ria que s\u2019ha posat en marxa aquest any 2024 i que tindr\u00e0 una durada de 3 anys.<\/strong><\/p>\n<p><strong>El projecte est\u00e0 liderat per la Universitat de Barcelona i <\/strong>compta amb el cofinan\u00e7ament del 65% de la Uni\u00f3 Europea a trav\u00e9s del Programa Interreg VI-A Espanya-Fran\u00e7a-Andorra (POCTEFA-2021-2027). L\u2019objectiu del POCTEFA \u00e9s refor\u00e7ar la integraci\u00f3 econ\u00f2mica i social de la zona fronterera Espanya-Fran\u00e7a-Andorra.<\/p>\n<p>El projecte coParticiPA t\u00e9 com a finalitat garantir la participaci\u00f3 de les persones a la xarxa de serveis socials i entitats d&#8217;intervenci\u00f3 socioeducativa i comunit\u00e0ria, mitjan\u00e7ant la construcci\u00f3, el pilotatge i l&#8217;avaluaci\u00f3 d&#8217;un Programa Transfronterer de Participaci\u00f3 de les Persones (PTP-P), basat en la seva capacitat d&#8217;ag\u00e8ncia i les necessitats espec\u00edfiques del territori. Aquest programa es desenvolupar\u00e0 en vuit \u00e0mbits; serveis socials, inf\u00e0ncia i adolesc\u00e8ncia, envelliment, migraci\u00f3, discapacitat, salut i salut mental, exclusi\u00f3 social i acci\u00f3 comunit\u00e0ria, i la formaci\u00f3 universit\u00e0ria i cont\u00ednua.<\/p>\n<p>&nbsp;<\/p>\n<p><strong>Qu\u00e8 vol aconseguir el Projecte coParticiPA?<\/strong><\/p>\n<p><em><strong>La veritable inclusi\u00f3 social comen\u00e7a amb la participaci\u00f3 de tots i totes.<\/strong><\/em><\/p>\n<p>El projecte coParticiPA aborda el repte territorial compartit de combatre la pobresa i la vulnerabilitat social a la zona transfronterera, on l&#8217;alta mobilitat de persones dificulta el seu acc\u00e9s als serveis i a les entitats socials. El model d&#8217;intervenci\u00f3 social predominant est\u00e0 m\u00e9s orientat a satisfer les necessitats b\u00e0siques i d&#8217;emerg\u00e8ncia i facilita poc la participaci\u00f3 de les persones vulnerables en la presa de decisions i a la creaci\u00f3 de solucions a llarg termini. En aquest model, les persones s\u00f3n vistes com a receptores d&#8217;ajuda i no com a agents de canvi, fet que perpetua la seva depend\u00e8ncia de les organitzacions en lloc de facilitar-ne el seu apoderament (poder d&#8217;ag\u00e8ncia) perqu\u00e8 decideixin sobre la seva pr\u00f2pia vida.<\/p>\n<p>coParticiPA contribuir\u00e0 a la redefinici\u00f3 del paradigmes d&#8217;intervenci\u00f3 social des d\u2019una revisi\u00f3 de les aproximacions m\u00e9s tradicionals i alhora promour\u00e0 el desenvolupament d&#8217;una societat m\u00e9s inclusiva i participativa.<\/p>\n<p>&nbsp;<\/p>\n<p><strong>Quin \u00e9s el proc\u00e9s que portar\u00e0 a la Construcci\u00f3 del Programa?<\/strong><\/p>\n<p><em><strong>De la idea a l&#8217;acci\u00f3, creant participaci\u00f3.<\/strong><\/em><\/p>\n<p>El projecte es centrar\u00e0 en la creaci\u00f3, implementaci\u00f3 i avaluaci\u00f3 d&#8217;un Programa Transfronterer de Participaci\u00f3 de les Persones (PTP-P). Per aconseguir-ho, es duran a terme tres accions clau:<\/p>\n<ol>\n<li>Elaboraci\u00f3 d\u2019un diagn\u00f2stic col\u00b7laboratiu que analitzar\u00e0 les necessitats dels tres territoris i la capacitat d\u2019ag\u00e8ncia de les persones, en relaci\u00f3 amb la seva participaci\u00f3, aix\u00ed com la idone\u00eftat d\u2019un programa d\u2019intervenci\u00f3 socioeducativa i comunit\u00e0ria i la seva digitalitzaci\u00f3. Es realitzar\u00e0 un estat de la q\u00fcesti\u00f3 que permetr\u00e0 desenvolupar un treball de camp qualitatiu en tots els \u00e0mbits i amb la participaci\u00f3 de persones, activistes, professionals, responsables t\u00e8cnics i pol\u00edtics, investigadors\/es docents i estudiants.<\/li>\n<li>Disseny i execuci\u00f3 d\u2019un Programa de participaci\u00f3 (PTP-P) que inclour\u00e0 el desenvolupament d&#8217;una eina digital per als processos d&#8217;intervenci\u00f3 promoguts per tots els agents que es complementar\u00e0 amb una Maleta de Recursos Pedag\u00f2gics. El pilotatge es realitzar\u00e0 a tots els territoris i \u00e0mbits d&#8217;intervenci\u00f3.<\/li>\n<li>Avaluaci\u00f3 i transfer\u00e8ncia de resultats que permetr\u00e0 avaluar el proc\u00e9s i els resultats del projecte i el pilotatge del PTP-P, aix\u00ed com explicar els aspectes clau i les dificultats a evitar per transferir-los a altres territoris.<\/li>\n<\/ol>\n<p>La construcci\u00f3-pilotatge del Programa de participaci\u00f3 involucrar\u00e0 m\u00e9s de 1.500 persones en el decurs dels tres anys de durada del projecte, en el qual s\u2019hi involucraran 72 professionals dels serveis socials i 270 professionals dels \u00e0mbits d\u2019intervenci\u00f3.<\/p>\n<p>&nbsp;<\/p>\n<p><strong>La participaci\u00f3 de l\u2019\u00c0rea de Benestar del Consell Comarcal de l\u2019Alt Empord\u00e0<\/strong><\/p>\n<p>M\u00e9s de 20 professionals de diferents serveis de l\u2019\u00e0rea de Benestar del Consell Comarcal participaran en les diverses activitats d\u2019aquest projectes transfronterer.<\/p>\n<p>Aquests professionals formen part de 7 grups de treball transfronterers creats per treballar el projecte:<\/p>\n<ul>\n<li>Serveis socials<\/li>\n<li>Inf\u00e0ncia i l\u2019adolesc\u00e8ncia<\/li>\n<li>Envelliment<\/li>\n<li>Salut i salut mental<\/li>\n<li>Migracions<\/li>\n<li>Exclusi\u00f3 social i acci\u00f3 comunit\u00e0ria<\/li>\n<li>Formaci\u00f3 universit\u00e0ria i cont\u00ednua<\/li>\n<\/ul>\n<p>L\u2019\u00e0rea de Benestar i l\u2019Institut R\u00e9gional du Travail Social \u2013IRTS de Perpiny\u00e0 coordinen el grup sobre exclusi\u00f3 social i acci\u00f3 comunit\u00e0ria.<\/p>\n<p>&nbsp;<\/p>\n<p><strong>Els socis del projecte<\/strong><\/p>\n<p>El projecte europeu coParticiPA neix de la col\u00b7laboraci\u00f3 transfronterera de tretze socis d&#8217;Espanya, Fran\u00e7a i Andorra, i compta amb el lideratge de grup de recerca GRITS de l&#8217;Escola de Treball Social de la Universitat de Barcelona.<\/p>\n<ul>\n<li><a href=\"http:\/\/www.ub.edu\/web\/ub\/ca\/\" target=\"_top\" rel=\"noopener\">UNIVERSITAT DE BARCELONA<\/a><\/li>\n<li><a href=\"http:\/\/www.udg.edu\/\" target=\"_top\" rel=\"noopener\">UNIVERSITAT DE GIRONA<\/a><\/li>\n<li><a href=\"https:\/\/www.uda.ad\/\" target=\"_top\" rel=\"noopener\">UNIVERSITAT D\u2019ANDORRA<\/a><\/li>\n<li><a href=\"https:\/\/www.faire-ess.fr\/fr\/\" target=\"_top\" rel=\"noopener\">INSTITUT R\u00c9GIONAL DU TRAVAIL SOCIAL (IRTS-Perpignan)<\/a><\/li>\n<li><a href=\"https:\/\/www.arseaa.org\/\" target=\"_top\" rel=\"noopener\">PF&amp;R &#8211; INSTITUT SAINT SIMON<\/a><\/li>\n<li><a href=\"http:\/\/www.anras.fr\/\" target=\"_top\" rel=\"noopener\">POLE EDUCATIF ET PROFESSIONNEL OLYMPE DE GOUGES &#8211; ANRAS<\/a><\/li>\n<li><a href=\"http:\/\/www.altemporda.org\/portal\/\" target=\"_top\" rel=\"noopener\">CONSELL COMARCAL DE L&#8217;ALT EMPORD\u00c0<\/a><\/li>\n<li><a href=\"https:\/\/fundacioidea.net\/\" target=\"_top\" rel=\"noopener\">FUNDACI\u00d3 PRIVADA IDEA<\/a><\/li>\n<li><a href=\"https:\/\/isocial.cat\/\" target=\"_top\" rel=\"noopener\">FUNDACI\u00d3 iSOCIAL<\/a><\/li>\n<li><a href=\"https:\/\/www.caritasgirona.cat\/\" target=\"_top\" rel=\"noopener\">C\u00c0RITAS DIOCESANA DE GIRONA<\/a><\/li>\n<li><a href=\"http:\/\/www.clararabassa.com\/\" target=\"_top\" rel=\"noopener\">FUNDACI\u00d3 PRIVADA CLARA RABASSA<\/a><\/li>\n<li><a href=\"\/\/www.arseaa.org\" target=\"_top\" rel=\"noopener\">ARSEAA-AS<\/a><\/li>\n<li><a href=\"http:\/\/www.ari.ad\/\" target=\"_top\" rel=\"noopener\">ANDORRA RECERCA I INNOVACI\u00d3<\/a><\/li>\n<\/ul>\n<p>&nbsp;<\/p>\n<p><a href=\"https:\/\/www.ub.edu\/coparticipa\/ca\/\" target=\"_blank\" rel=\"noopener\"><strong>+ informaci\u00f3 sobre el projecte<\/strong><\/a><\/p>\n<p><strong><a href=\"http:\/\/www.poctefa.eu\/\" target=\"_top\" rel=\"noopener\">+ informaci\u00f3 sobre el programa POCTEFA<\/a><\/strong><\/p>\n<p>&nbsp;<\/p>\n<p><strong>Persona de contacte<\/strong><\/p>\n<p>Roger L\u00f3pez Guirao<\/p>\n<p>Projecte coParticiPA<\/p>\n<p>Equip d\u2019Inclusi\u00f3 i Igualtat<\/p>\n<p>\u00c0rea de Benestar del Consell Comarcal<\/p>\n<p>Correu electr\u00f2nic: <a href=\"mailto:rlopez@altemporda.cat\" target=\"_top\" rel=\"noopener\">rlopez@altemporda.cat<\/a><\/p>\n<p>Tel. 00 34 972 677 050<\/p>\n<p>c. Nou, 48 &#8211; 17600 Figueres<\/p>\n","protected":false},"excerpt":{"rendered":"<p>L&#8217;\u00e0rea de Benestar del Consell Comarcal de l&#8217;Alt Empord\u00e0 forma part del partenariat del projecte transfronterer coParticiPA (EFA55\/1) sobre la participaci\u00f3 de les persones en la xarxa de serveis socials&hellip;<\/p>\n","protected":false},"author":2,"featured_media":0,"parent":5593,"menu_order":0,"comment_status":"closed","ping_status":"closed","template":"","meta":{"footnotes":""},"class_list":["post-8687","page","type-page","status-publish","hentry","description-off"],"_links":{"self":[{"href":"https:\/\/inclusioaltemporda.cat\/portal\/wp-json\/wp\/v2\/pages\/8687","targetHints":{"allow":["GET"]}}],"collection":[{"href":"https:\/\/inclusioaltemporda.cat\/portal\/wp-json\/wp\/v2\/pages"}],"about":[{"href":"https:\/\/inclusioaltemporda.cat\/portal\/wp-json\/wp\/v2\/types\/page"}],"author":[{"embeddable":true,"href":"https:\/\/inclusioaltemporda.cat\/portal\/wp-json\/wp\/v2\/users\/2"}],"replies":[{"embeddable":true,"href":"https:\/\/inclusioaltemporda.cat\/portal\/wp-json\/wp\/v2\/comments?post=8687"}],"version-history":[{"count":6,"href":"https:\/\/inclusioaltemporda.cat\/portal\/wp-json\/wp\/v2\/pages\/8687\/revisions"}],"predecessor-version":[{"id":8733,"href":"https:\/\/inclusioaltemporda.cat\/portal\/wp-json\/wp\/v2\/pages\/8687\/revisions\/8733"}],"up":[{"embeddable":true,"href":"https:\/\/inclusioaltemporda.cat\/portal\/wp-json\/wp\/v2\/pages\/5593"}],"wp:attachment":[{"href":"https:\/\/inclusioaltemporda.cat\/portal\/wp-json\/wp\/v2\/media?parent=8687"}],"curies":[{"name":"wp","href":"https:\/\/api.w.org\/{rel}","templated":true}]}}