{"id":8781,"date":"2024-11-25T09:16:57","date_gmt":"2024-11-25T08:16:57","guid":{"rendered":"https:\/\/inclusioaltemporda.cat\/portal\/?page_id=8781"},"modified":"2024-11-28T10:18:10","modified_gmt":"2024-11-28T09:18:10","slug":"comissio-prevencio-conductes-addictives","status":"publish","type":"page","link":"https:\/\/inclusioaltemporda.cat\/portal\/tiafaltemporda\/comissio-prevencio-conductes-addictives\/","title":{"rendered":"Comissi\u00f3 prevenci\u00f3 conductes addictives"},"content":{"rendered":"<div class=\"wpb-content-wrapper\"><p>[vc_row][vc_column][vc_column_text css=&#8221;&#8221;]<strong>Comissi\u00f3 de prevenci\u00f3 de conductes addictives\u00a0<\/strong><\/p>\n<p><a href=\"https:\/\/inclusioaltemporda.cat\/portal\/wp-content\/uploads\/PLA-PREVENCIO-COND.-ADDIC.-CCAE-DEFINITIU.pdf\" target=\"_blank\" rel=\"noopener\">Pla comarcal de prevenci\u00f3 de conductes addictives de l&#8217;Alt Empord\u00e0<\/a><\/p>\n<p>&nbsp;<\/p>\n<p>En el marc del treball realitzat per la comissi\u00f3 s&#8217;ha fet un recull de recursos i eines educatives per a fam\u00edlies i professionals per a treballar la prevenci\u00f3 de conductes addictives amb infants, adolescents i joves.<\/p>\n<p>Bons usos pantalles<\/p>\n<ul>\n<li><a href=\"https:\/\/www.diba.cat\/web\/spott\/connecta-hi\">Col\u00b7lecci\u00f3 Connecta\u2019t (Centre SPOTT-Diputaci\u00f3 de Barcelona)<\/a><\/li>\n<li><a href=\"https:\/\/www.siguestu.cat\/ca\/itinerari-de-pantalles.html\">Programa Sigues tu: Itinerari de pantalles (Dipsalut)<\/a><\/li>\n<li><a href=\"https:\/\/www.siguestu.cat\/ca\/recursos.html?search%5b%5d=%C3%BAs%20de%20pantalles\">Programa Sigues tu: Recursos per a l\u2019aula (Dipsalut)<\/a><\/li>\n<li><a href=\"https:\/\/canalsalut.gencat.cat\/ca\/vida-saludable\/us-responsable-noves-tecnologies\/infancia-adolescencia\/\">\u00das responsable de noves tecnologies en la inf\u00e0ncia i l&#8217;adolesc\u00e8ncia (Canal Salut-Generalitat de Catalunya)<\/a><\/li>\n<li><a href=\"https:\/\/educacio.gencat.cat\/ca\/arees-actuacio\/families\/us-tecnologies\/addiccio-pantalles\/recursos-eines\/index.html\">Recursos i eines de prevenci\u00f3, detecci\u00f3 i acompanyament en l\u2019addicci\u00f3 a les pantalles (Departament d\u2019Educaci\u00f3-Generalitat de Catalunya)<\/a><\/li>\n<li><a href=\"https:\/\/ejoventut.gencat.cat\/web\/.content\/e-joventut\/recursos\/tipus_de_recurs\/documentacio\/fitxes_exteses\/FE-Referents-Salut-Jove-Girona\/arxius\/Dinamiques-pantalles-RSJ.pdf\">Guia \u201cDin\u00e0miques per treballar les pantalles amb joves\u201d (Referents de Salut Joves de Comarques gironines-Generalitat de Catalunya)<\/a><\/li>\n<li><a href=\"https:\/\/dixit.gencat.cat\/ca\/detalls\/Article\/20220608_conf_us_responsable_pantalles_joves.html\">Confer\u00e8ncia &#8220;Com podem construir un \u00fas responsable de les pantalles en els joves?&#8221; (Centre de Documentaci\u00f3 de Serveis Socials DIXIT-Generalitat de Catalunya)<\/a><\/li>\n<li><a href=\"https:\/\/somconnexio.coop\/wp-content\/uploads\/2022\/05\/GuiaSomConnexio-Online-Catala-Pagines.pdf\">Guia per a fam\u00edlies cruels i malvades o com acompanyar els fills i filles en la incorporaci\u00f3 del tel\u00e8fon m\u00f2bil (Som connexi\u00f3)<\/a><\/li>\n<li><a href=\"https:\/\/www.cjb.cat\/publicacions\/les-pantalles-i-tu-guia-sobre-addiccions-a-les-noves-tecnologies\/\">Guia \u201cLes pantalles i tu. Una relaci\u00f3 addictiva? (Consell de la Joventut de Barcelona)<\/a><\/li>\n<li><a href=\"https:\/\/edpac.cat\/que-hi-ha-al-darrera-de-les-pantalles-material-didactic\/\">Proposta did\u00e0ctica per a treballar amb joves l\u2019impacte del consum de tecnol\u00f2gica en pa\u00efsos del sud (Educaci\u00f3 per a l\u2019acci\u00f3 cr\u00edtica, SCCL)<\/a><\/li>\n<li><a href=\"https:\/\/empantallados.com\/\">Plataforma empantallados.com<\/a><\/li>\n<li><a href=\"https:\/\/www.pantallasamigas.net\/\">Projecte \u201cPantallas amigas\u201d<\/a><\/li>\n<\/ul>\n<p>Seguretat a internet<\/p>\n<ul>\n<li><a href=\"https:\/\/ciberseguretat.gencat.cat\/ca\/inici\">Ag\u00e8ncia de Ciberseguretat de Catalunya (Generalitat de Catalunya)<\/a><\/li>\n<li><a href=\"https:\/\/www.incibe.es\/incibe\/informacion-corporativa\/con-quien-trabajamos\/proyectos-europeos\/is4k\">Projecte Internet Segura for Kids (Instituto Nacional de Ciberseguridad-Ministerio para la transformaci\u00f3n digital y de la funci\u00f3n p\u00fablica)<\/a><\/li>\n<li><a href=\"https:\/\/mossos.gencat.cat\/ca\/consells_de_seguretat\/tecnologia\/\">Consells de seguretat (Mossos d\u2019Esquadra-Generalitat de Catalunya)<\/a><\/li>\n<li><a href=\"https:\/\/www.cac.cat\/guia-dinternet-les-families\">Protecci\u00f3 dels menors en el m\u00f3n digital. Guia per a les fam\u00edlies (Consell de l\u2019Audiovisual de Catalunya-CAC)<\/a><\/li>\n<\/ul>\n<p>Actius de salut<\/p>\n<ul>\n<li><a href=\"https:\/\/salutpublica.gencat.cat\/ca\/agencia\/plans-estrategics\/pinsap\/accions-eines-projectes-relacionats\/actius-salut\/\">Projecte \u201cAqu\u00ed s\u00ed. Actius i Salut\u201d<\/a><\/li>\n<\/ul>\n<p>Consum subst\u00e0ncies<\/p>\n<ul>\n<li><a href=\"https:\/\/xtec.gencat.cat\/ca\/alumnat\/benestar\/prevencio-del-consum-de-substancies-addictives\/substancies\/classe-sense-fum\/\">Programa Classe sense fum<\/a><\/li>\n<li><a href=\"https:\/\/www.elpep.info\/\">El Pep.info (Ag\u00e8ncia de Salut P\u00fablica-Generalitat de Catalunya)<\/a><\/li>\n<\/ul>\n<p>Pendent categoritzar<\/p>\n<ul>\n<li><a href=\"https:\/\/www.edu365.cat\/\">Edu365.cat (Generalitat de Catalunya)<\/a><\/li>\n<li><a href=\"https:\/\/families.dipsalut.cat\/ca\/capsules-formatives.html\">C\u00e0psules formatives online del Programa per a Fam\u00edlies (Dipsalut)<\/a><\/li>\n<li><a href=\"https:\/\/www.caritasgirona.cat\/biblioteca\/items\/3908_A\/Informe_Impacte.pdf\">Informe \u201cL\u2019Impacte real de l\u2019exclusi\u00f3 digital a les persones ateses per C\u00e0rtias Diocesana de Girona<\/a><\/li>\n<li><a href=\"https:\/\/www.caritas.es\/main-files\/uploads\/2022\/02\/RESUMEN-EJECUTIVO-ADICCIONES-WEB.pdf\">Informe \u201cImpacto de la pantalles en la vida de la adolescencia y sus familias en situaci\u00f3n de vulnerabilidad social: realidad y virtualidad\u201d (C\u00e1ritas Espa\u00f1ola)<\/a><\/li>\n<\/ul>\n<p>[\/vc_column_text][\/vc_column][\/vc_row]<\/p>\n<\/div>","protected":false},"excerpt":{"rendered":"<p>[vc_row][vc_column][vc_column_text css=&#8221;&#8221;]Comissi\u00f3 de prevenci\u00f3 de conductes addictives\u00a0 Pla comarcal de prevenci\u00f3 de conductes addictives de l&#8217;Alt Empord\u00e0 &nbsp; En el marc del treball realitzat per la comissi\u00f3 s&#8217;ha fet un&hellip;<\/p>\n","protected":false},"author":2,"featured_media":0,"parent":8762,"menu_order":0,"comment_status":"closed","ping_status":"closed","template":"","meta":{"footnotes":""},"class_list":["post-8781","page","type-page","status-publish","hentry","description-off"],"_links":{"self":[{"href":"https:\/\/inclusioaltemporda.cat\/portal\/wp-json\/wp\/v2\/pages\/8781","targetHints":{"allow":["GET"]}}],"collection":[{"href":"https:\/\/inclusioaltemporda.cat\/portal\/wp-json\/wp\/v2\/pages"}],"about":[{"href":"https:\/\/inclusioaltemporda.cat\/portal\/wp-json\/wp\/v2\/types\/page"}],"author":[{"embeddable":true,"href":"https:\/\/inclusioaltemporda.cat\/portal\/wp-json\/wp\/v2\/users\/2"}],"replies":[{"embeddable":true,"href":"https:\/\/inclusioaltemporda.cat\/portal\/wp-json\/wp\/v2\/comments?post=8781"}],"version-history":[{"count":7,"href":"https:\/\/inclusioaltemporda.cat\/portal\/wp-json\/wp\/v2\/pages\/8781\/revisions"}],"predecessor-version":[{"id":8814,"href":"https:\/\/inclusioaltemporda.cat\/portal\/wp-json\/wp\/v2\/pages\/8781\/revisions\/8814"}],"up":[{"embeddable":true,"href":"https:\/\/inclusioaltemporda.cat\/portal\/wp-json\/wp\/v2\/pages\/8762"}],"wp:attachment":[{"href":"https:\/\/inclusioaltemporda.cat\/portal\/wp-json\/wp\/v2\/media?parent=8781"}],"curies":[{"name":"wp","href":"https:\/\/api.w.org\/{rel}","templated":true}]}}